{"id":751,"date":"2020-04-13T22:48:04","date_gmt":"2020-04-13T20:48:04","guid":{"rendered":"https:\/\/www.mugbakery.com\/ec\/?post_type=product&#038;p=751"},"modified":"2023-12-27T13:09:32","modified_gmt":"2023-12-27T12:09:32","slug":"eco-cup-take-away","status":"publish","type":"product","link":"https:\/\/mugbakery.com\/ec\/prodotto\/eco-cup-take-away\/","title":{"rendered":"Eco Cup Take Away"},"content":{"rendered":"<p>E&#8217; arrivata la nostra nuovissima ECO cup take away, realizzata in bamb\u00f9 e silicone, per portarsi in giro il caff\u00e8 e o il t\u00e8, senza sprechi e rifiuti inutili.<\/p>\n<p>E&#8217; lavabile (anche in lavastoviglie) e riutilizzabile tutte le volte che vuoi! Capacit\u00e0: 350 ml.<\/p>\n","protected":false},"excerpt":{"rendered":"<p>E&#8217; arrivata la nostra nuovissima ECO cup take away, realizzata in bamb\u00f9 e silicone, per portarsi in giro il caff\u00e8 e o il t\u00e8, senza sprechi e rifiuti inutili.<\/p>\n<p>&nbsp;<\/p>\n","protected":false},"featured_media":726,"template":"","meta":[],"product_brand":[],"product_cat":[42],"product_tag":[],"class_list":{"0":"post-751","1":"product","2":"type-product","3":"status-publish","4":"has-post-thumbnail","6":"product_cat-merch","8":"first","9":"outofstock","10":"taxable","11":"shipping-taxable","12":"purchasable","13":"product-type-simple"},"aioseo_notices":[],"jetpack_sharing_enabled":true,"_links":{"self":[{"href":"https:\/\/mugbakery.com\/ec\/wp-json\/wp\/v2\/product\/751","targetHints":{"allow":["GET"]}}],"collection":[{"href":"https:\/\/mugbakery.com\/ec\/wp-json\/wp\/v2\/product"}],"about":[{"href":"https:\/\/mugbakery.com\/ec\/wp-json\/wp\/v2\/types\/product"}],"version-history":[{"count":2,"href":"https:\/\/mugbakery.com\/ec\/wp-json\/wp\/v2\/product\/751\/revisions"}],"predecessor-version":[{"id":754,"href":"https:\/\/mugbakery.com\/ec\/wp-json\/wp\/v2\/product\/751\/revisions\/754"}],"wp:featuredmedia":[{"embeddable":true,"href":"https:\/\/mugbakery.com\/ec\/wp-json\/wp\/v2\/media\/726"}],"wp:attachment":[{"href":"https:\/\/mugbakery.com\/ec\/wp-json\/wp\/v2\/media?parent=751"}],"wp:term":[{"taxonomy":"product_brand","embeddable":true,"href":"https:\/\/mugbakery.com\/ec\/wp-json\/wp\/v2\/product_brand?post=751"},{"taxonomy":"product_cat","embeddable":true,"href":"https:\/\/mugbakery.com\/ec\/wp-json\/wp\/v2\/product_cat?post=751"},{"taxonomy":"product_tag","embeddable":true,"href":"https:\/\/mugbakery.com\/ec\/wp-json\/wp\/v2\/product_tag?post=751"}],"curies":[{"name":"wp","href":"https:\/\/api.w.org\/{rel}","templated":true}]}}