{"id":661,"date":"2020-04-13T17:15:02","date_gmt":"2020-04-13T15:15:02","guid":{"rendered":"https:\/\/www.mugbakery.com\/ec\/?page_id=661"},"modified":"2020-04-17T11:51:42","modified_gmt":"2020-04-17T09:51:42","slug":"privacy-policy","status":"publish","type":"page","link":"https:\/\/mugbakery.com\/ec\/privacy-policy\/","title":{"rendered":"Privacy Policy"},"content":{"rendered":"\t\t<div data-elementor-type=\"wp-page\" data-elementor-id=\"661\" class=\"elementor elementor-661\" data-elementor-post-type=\"page\">\n\t\t\t\t<section class=\"elementor-section elementor-top-section elementor-element elementor-element-47ecb412 elementor-section-boxed elementor-section-height-default elementor-section-height-default\" data-id=\"47ecb412\" data-element_type=\"section\" data-e-type=\"section\">\n\t\t\t\t\t\t<div class=\"elementor-container elementor-column-gap-default\">\n\t\t\t\t\t<div class=\"elementor-column elementor-col-100 elementor-top-column elementor-element elementor-element-790b471a\" data-id=\"790b471a\" data-element_type=\"column\" data-e-type=\"column\">\n\t\t\t<div class=\"elementor-widget-wrap elementor-element-populated\">\n\t\t\t\t\t\t<div class=\"elementor-element elementor-element-7da5adfc elementor-widget elementor-widget-text-editor\" data-id=\"7da5adfc\" data-element_type=\"widget\" data-e-type=\"widget\" data-widget_type=\"text-editor.default\">\n\t\t\t\t<div class=\"elementor-widget-container\">\n\t\t\t\t\t\t\t\t\t<p><\/p>\n<h1 class=\"wp-block-heading\">Privacy Policy<\/h1>\n<p><span style=\"font-weight: 400;\">In questa pagina si descrivono le modalit\u00e0 di gestione del sito in riferimento al trattamento dei dati personali degli utenti che lo consultano.<\/span><\/p>\n<p><span style=\"font-weight: 400;\">Si tratta di un&#8217;informativa che \u00e8 resa anche ai sensi dell&#8217;art. 13 del d.lgs. n. 196\/2003 &#8211; Codice in materia di protezione dei dati personali a coloro che interagiscono con i servizi web di Mug di Elena Giuffrida per la protezione dei dati personali, accessibili per via telematica a partire dall&#8217;indirizzo www.mugbakery.com, corrispondente alla pagina iniziale del sito ufficiale di Mug di Elena Giuffrida.<\/span><\/p>\n<p><span style=\"font-weight: 400;\">L&#8217;informativa \u00e8 resa solo per il sito di Mug di Elena Giuffrida e non anche per altri siti web eventualmente consultati dall&#8217;utente tramite link.<\/span><\/p>\n<p><span style=\"font-weight: 400;\">L&#8217;informativa si ispira anche alla Raccomandazione n. 2\/2001 che le autorit\u00e0 europee per la protezione dei dati personali, riunite nel Gruppo istituito dall&#8217;<\/span><a href=\"https:\/\/www.garanteprivacy.it\/garante\/document?ID=432175\" target=\"_blank\" rel=\"noopener\"><span style=\"font-weight: 400;\">art. 29 della direttiva n. 95\/46\/CE<\/span><\/a><span style=\"font-weight: 400;\">, hanno adottato il 17 maggio 2001 per individuare alcuni requisiti minimi per la raccolta di dati personali on-line, e, in particolare, le modalit\u00e0, i tempi e la natura delle informazioni che i titolari del trattamento devono fornire agli utenti quando questi si collegano a pagine web, indipendentemente dagli scopi del collegamento.<\/span><\/p>\n<h2><b>Il &#8220;titolare&#8221; del trattamento<\/b><\/h2>\n<p><span style=\"font-weight: 400;\">A seguito della consultazione di questo sito possono essere trattati dati relativi a persone identificate o identificabili.<\/span><\/p>\n<p><span style=\"font-weight: 400;\">Il &#8220;titolare&#8221; del loro trattamento \u00e8 il titolare di Mug di Elena Giuffrida, che ha sede in Piazza Hortis 6 &#8211; 34124 Trieste.\u00a0\u00a0<\/span><\/p>\n<h2><b>Luogo di trattamento dei dati<\/b><\/h2>\n<p><span style=\"font-weight: 400;\">I trattamenti connessi ai servizi web di questo sito hanno luogo presso la predetta sede e sono curati solo da titolare, oppure da eventuali incaricati di occasionali operazioni di manutenzione.<\/span><\/p>\n<p><span style=\"font-weight: 400;\">Nessun dato derivante dal servizio web viene comunicato o diffuso.<\/span><\/p>\n<p><span style=\"font-weight: 400;\">I dati personali forniti dagli utenti che inoltrano mediante email richieste o invio di materiale informativo sono utilizzati al solo fine di eseguire il servizio o la prestazione richiesta e non sono comunicati a terzi.<\/span><\/p>\n<h2><b>Tipi di dati trattati<\/b><\/h2>\n<h3><b>Dati di navigazione<\/b><\/h3>\n<p><span style=\"font-weight: 400;\">I sistemi informatici e le procedure software preposte al funzionamento di questo sito web acquisiscono, nel corso del loro normale esercizio, alcuni dati personali la cui trasmissione \u00e8 implicita nell&#8217;uso dei protocolli di comunicazione di Internet.<\/span><\/p>\n<p><span style=\"font-weight: 400;\">Si tratta di informazioni che non sono raccolte per essere associate a interessati identificati, ma che per loro stessa natura potrebbero, attraverso elaborazioni ed associazioni con dati detenuti da terzi, permettere di identificare gli utenti.<\/span><\/p>\n<p><span style=\"font-weight: 400;\">In questa categoria di dati rientrano gli indirizzi IP o i nomi a dominio dei computer utilizzati dagli utenti che si connettono al sito, gli indirizzi in notazione URI (Uniform Resource Identifier) delle risorse richieste, l&#8217;orario della richiesta, il metodo utilizzato nel sottoporre la richiesta al server, la dimensione del file ottenuto in risposta, il codice numerico indicante lo stato della risposta data dal server (buon fine, errore, ecc&#8230;) ed altri parametri relativi al sistema operativo e all&#8217;ambiente informatico dell&#8217;utente.<\/span><\/p>\n<p><span style=\"font-weight: 400;\">Questi dati vengono utilizzati al solo fine di ricavare informazioni statistiche anonime sull&#8217;uso del sito e per controllarne il corretto funzionamento e vengono cancellati immediatamente dopo l&#8217;elaborazione. I dati potrebbero essere utilizzati per l&#8217;accertamento di responsabilit\u00e0 in caso di ipotetici reati informatici ai danni del sito: salva questa eventualit\u00e0, allo stato i dati sui contatti web non persistono per pi\u00f9 di sette giorni.<\/span><\/p>\n<h3><b>Dati forniti volontariamente dall&#8217;utente<\/b><\/h3>\n<p><span style=\"font-weight: 400;\">L&#8217;invio facoltativo, esplicito e volontario di posta elettronica agli indirizzi indicati su questo sito comporta la successiva acquisizione dell&#8217;indirizzo del mittente, necessario per rispondere alle richieste, nonch\u00e9 degli eventuali altri dati personali inseriti nella missiva.<\/span><\/p>\n<p><span style=\"font-weight: 400;\">Specifiche informative di sintesi verranno progressivamente riportate o visualizzate nelle pagine del sito predisposte per particolari servizi a richiesta.<\/span><\/p>\n<h2>Conferimento dei dati<\/h2>\n<p><span style=\"font-weight: 400; font-size: 16px;\">A parte quanto specificato per i dati di navigazione, l&#8217;utente \u00e8 libero di fornire i dati personali nelle mail inviate a Mug di Elena Giuffrida o comunque indicati in contatti telefonici con il titolare per sollecitare l&#8217;invio di materiale informativo o di altre comunicazioni.<\/span><\/p>\n<p><span style=\"font-weight: 400;\">Il loro mancato conferimento pu\u00f2 comportare l&#8217;impossibilit\u00e0 di ottenere quanto richiesto.<\/span><\/p>\n<p><span style=\"font-weight: 400;\">Per completezza va ricordato che in alcuni casi (non oggetto dell&#8217;ordinaria gestione di questo sito) l&#8217;Autorit\u00e0 pu\u00f2 richiedere notizie e informazioni ai sensi dell&#8217;art 157 del d.lgs. n. 196\/2003, ai fini del controllo sul trattamento dei dati personali. In questi casi la risposta \u00e8 obbligatoria a pena di sanzione amministrativa.<\/span><\/p>\n<h2><b>Modalit\u00e0 del trattamento<\/b><\/h2>\n<p><span style=\"font-weight: 400;\">I dati personali forniti sono trattati con strumenti automatizzati per il tempo strettamente necessario a conseguire gli scopi per cui sono stati raccolti e verranno trattati per le seguenti finalit\u00e0:<\/span><\/p>\n<ol>\n<li style=\"font-weight: 400;\"><span style=\"font-weight: 400;\">finalit\u00e0 connesse all&#8217;effettuazione delle comunicazioni correlate;<\/span><\/li>\n<li style=\"font-weight: 400;\"><span style=\"font-weight: 400;\">finalit\u00e0 funzionali all&#8217;attivit\u00e0 di Mug di Elena Giuffrida ivi compreso l&#8217;invio di materiale informativo della struttura;<\/span><\/li>\n<li style=\"font-weight: 400;\"><span style=\"font-weight: 400;\">finalit\u00e0 funzionali all&#8217;adempimento di obblighi normativi, previsti da leggi, decreti, regolamenti e\/o atti ad essi equiparati, nonch\u00e9 dalla normativa comunitaria;<\/span><\/li>\n<li style=\"font-weight: 400;\"><span style=\"font-weight: 400;\">finalit\u00e0 funzionale alla gestione dei rapporti intercorrenti con la clientela, i fornitori, le banche ecc&#8230; .<\/span><\/li>\n<\/ol>\n<p><span style=\"font-weight: 400;\">Il trattamento dei dati forniti sar\u00e0 improntato ai principi di correttezza, liceit\u00e0 e trasparenza e avverr\u00e0, in ossequio alla citata normativa, nel rispetto della massima riservatezza e tutela del diritti del Cliente.<\/span><\/p>\n<p><span style=\"font-weight: 400;\">Ci impegniamo a non comunicare, diffondere o vendere alcuna informazione riguardante i clienti di Mug di Elena Giuffrida e gli utenti del sito web a fini commerciali.<\/span><\/p>\n<p><span style=\"font-weight: 400;\">Specifiche misure di sicurezza sono osservate per prevenire la perdita dei dati, usi illeciti o non corretti ed accessi non autorizzati.<\/span><\/p>\n<h2><b>Diritti degli interessati<\/b><\/h2>\n<p><span style=\"font-weight: 400;\">I soggetti cui si riferiscono i dati personali hanno il diritto in qualunque momento di ottenere la conferma dell&#8217;esistenza o meno dei medesimi dati e di conoscerne il contenuto e l&#8217;origine, verificarne l&#8217;esattezza o chiederne l&#8217;integrazione o l&#8217;aggiornamento, oppure la rettificazione (art. 7 del d.lgs. n. 196\/2003).<\/span><\/p>\n<p><span style=\"font-weight: 400;\">Le richieste vanno rivolte al\u00a0<\/span><a href=\"https:\/\/www.garanteprivacy.it\" target=\"_blank\" rel=\"noopener\">Garante<\/a><span style=\"font-weight: 400;\">.<\/span><\/p>\n<h4><b>Art. 7. Diritto di accesso ai dati personali ed altri diritti<\/b><\/h4>\n<ol>\n<li style=\"font-weight: 400;\"><span style=\"font-weight: 400;\">L&#8217;interessato ha diritto di ottenere la conferma dell&#8217;esistenza o meno di dati personali che lo riguardano, anche se non ancora registrati, e la loro comunicazione in forma intelligibile.<\/span><\/li>\n<li style=\"font-weight: 400;\"><span style=\"font-weight: 400;\">L&#8217;interessato ha diritto di ottenere l&#8217;indicazione:<\/span><span style=\"font-weight: 400;\"><br \/><\/span><span style=\"font-weight: 400;\">a) dell&#8217;origine dei dati personali;<\/span><span style=\"font-weight: 400;\"><br \/><\/span><span style=\"font-weight: 400;\">b) delle finalit\u00e0 e modalit\u00e0 del trattamento;<\/span><span style=\"font-weight: 400;\"><br \/><\/span><span style=\"font-weight: 400;\">c) della logica applicata in caso di trattamento effettuato con l&#8217;ausilio di strumenti elettronici;<\/span><span style=\"font-weight: 400;\"><br \/><\/span><span style=\"font-weight: 400;\">d) degli estremi identificativi del titolare, dei responsabili e del rappresentante designato ai sensi dell&#8217;articolo 5, comma 2;<\/span><span style=\"font-weight: 400;\"><br \/><\/span><span style=\"font-weight: 400;\">e) dei soggetti o delle categorie di soggetti ai quali i dati personali possono essere comunicati o che possono venirne a conoscenza in qualit\u00e0 di rappresentante designato nel territorio dello Stato, di responsabili o incaricati.<\/span><\/li>\n<li style=\"font-weight: 400;\"><span style=\"font-weight: 400;\">L&#8217;interessato ha diritto di ottenere:<\/span><span style=\"font-weight: 400;\"><br \/><\/span><span style=\"font-weight: 400;\">a) l&#8217;aggiornamento, la rettificazione ovvero, quando vi ha interesse, l&#8217;integrazione dei dati;<\/span><span style=\"font-weight: 400;\"><br \/><\/span><span style=\"font-weight: 400;\">b) la cancellazione, la trasformazione in forma anonima o il blocco dei dati trattati in violazione di legge, compresi quelli di cui non \u00e8 necessaria la conservazione in relazione agli scopi per i quali i dati sono stati raccolti o successivamente trattati;<\/span><span style=\"font-weight: 400;\"><br \/><\/span><span style=\"font-weight: 400;\">c) l&#8217;attestazione che le operazioni di cui alle lettere a) e b) sono state portate a conoscenza, anche per quanto riguarda il loro contenuto, di coloro ai quali i dati sono stati comunicati o diffusi, eccettuato il caso in cui tale adempimento si rivela impossibile o comporta un impiego di mezzi manifestamente sproporzionato rispetto al diritto tutelato.<\/span><\/li>\n<li style=\"font-weight: 400;\"><span style=\"font-weight: 400;\">L&#8217;interessato ha diritto di opporsi, in tutto o in parte:<\/span><span style=\"font-weight: 400;\"><br \/><\/span><span style=\"font-weight: 400;\">a) per motivi legittimi al trattamento dei dati personali che lo riguardano, ancorch\u00e8 pertinenti allo scopo della raccolta;<\/span><span style=\"font-weight: 400;\"><br \/><\/span><span style=\"font-weight: 400;\">b) al trattamento di dati personali che lo riguardano a fini di invio di materiale pubblicitario o di vendita diretta o per il compimento di ricerche di mercato o di comunicazione commerciale.<\/span><\/li>\n<\/ol>\n<h4><b>Art. 13. Informativa<\/b><\/h4>\n<ol>\n<li style=\"font-weight: 400;\"><span style=\"font-weight: 400;\">L&#8217;interessato o la persona presso la quale sono raccolti i dati personali sono previamente informati oralmente o per iscritto circa:<\/span><span style=\"font-weight: 400;\"><br \/><\/span><span style=\"font-weight: 400;\">a) le finalit\u00e0 e le modalit\u00e0 del trattamento cui sono destinati i dati;<\/span><span style=\"font-weight: 400;\"><br \/><\/span><span style=\"font-weight: 400;\">b) la natura obbligatoria o facoltativa del conferimento dei dati;<\/span><span style=\"font-weight: 400;\"><br \/><\/span><span style=\"font-weight: 400;\">c) le conseguenze di un eventuale rifiuto di rispondere;<\/span><span style=\"font-weight: 400;\"><br \/><\/span><span style=\"font-weight: 400;\">d) i soggetti o le categorie di soggetti ai quali i dati personali possono essere comunicati o che possono venirne a conoscenza in qualit\u00e0 di responsabili o incaricati, e l&#8217;ambito di diffusione dei dati medesimi;<\/span><span style=\"font-weight: 400;\"><br \/><\/span><span style=\"font-weight: 400;\">e) i diritti di cui all&#8217;articolo 7;<\/span><span style=\"font-weight: 400;\"><br \/><\/span><span style=\"font-weight: 400;\">f) gli estremi identificativi del titolare e, se designati, del rappresentante nel territorio dello Stato ai sensi dell&#8217;articolo 5 e del responsabile. Quando il titolare ha designato pi\u00f9 responsabili \u00e8 indicato almeno uno di essi, indicando il sito della rete di comunicazione o le modalit\u00e0 attraverso le quali \u00e8 conoscibile in modo agevole l&#8217;elenco aggiornato dei responsabili. Quando \u00e8 stato designato un responsabile per il riscontro all&#8217;interessato in caso di esercizio dei diritti di cui all&#8217;articolo 7, \u00e8 indicato tale responsabile.<\/span><\/li>\n<li style=\"font-weight: 400;\"><span style=\"font-weight: 400;\">L&#8217;informativa di cui al comma 1 contiene anche gli elementi previsti da specifiche disposizioni del presente codice e pu\u00f2 non comprendere gli elementi gi\u00e0 noti alla persona che fornisce i dati o la cui conoscenza pu\u00f2 ostacolare in concreto l&#8217;espletamento, da parte di un soggetto pubblico, di funzioni ispettive o di controllo svolte per finalit\u00e0 di difesa o sicurezza dello Stato oppure di prevenzione, accertamento o repressione di reati.<\/span><\/li>\n<li style=\"font-weight: 400;\"><span style=\"font-weight: 400;\">Il Garante pu\u00f2 individuare con proprio provvedimento modalit\u00e0 semplificate per l&#8217;informativa fornita in particolare da servizi telefonici di assistenza e informazione al pubblico.<\/span><\/li>\n<li style=\"font-weight: 400;\"><span style=\"font-weight: 400;\">Se i dati personali non sono raccolti presso l&#8217;interessato, l&#8217;informativa di cui al comma 1, comprensiva delle categorie di dati trattati, \u00e8 data al medesimo interessato all&#8217;atto della registrazione dei dati o, quando \u00e8 prevista la loro comunicazione, non oltre la prima comunicazione.<\/span><\/li>\n<li style=\"font-weight: 400;\"><span style=\"font-weight: 400;\">La disposizione di cui al comma 4 non si applica quando:<\/span><span style=\"font-weight: 400;\"><br \/><\/span><span style=\"font-weight: 400;\">a) i dati sono trattati in base ad un obbligo previsto dalla legge, da un regolamento o dalla normativa comunitaria;<\/span><span style=\"font-weight: 400;\"><br \/><\/span><span style=\"font-weight: 400;\">b) i dati sono trattati ai fini dello svolgimento delle investigazioni difensive di cui alla legge 7 dicembre 2000, n. 397, o, comunque, per far valere o difendere un diritto in sede giudiziaria, sempre che i dati siano trattati esclusivamente per tali finalit\u00e0 e per il periodo strettamente necessario al loro perseguimento;<\/span><span style=\"font-weight: 400;\"><br \/><\/span><span style=\"font-weight: 400;\">c) l&#8217;informativa all&#8217;interessato comporta un impiego di mezzi che il Garante, prescrivendo eventuali misure appropriate, dichiari manifestamente sproporzionati rispetto al diritto tutelato, ovvero si riveli, a giudizio del Garante, impossibile.<\/span><\/li>\n<\/ol>\n<h4><b>Informazioni riguardanti la risoluzione online delle dispute ai sensi dell&#8217;Art. 14 Par. 1 dell&#8217;ODR (Online Dispute Resolution Regulation):<\/b><\/h4>\n<p><span style=\"font-weight: 400;\">La Commissione Europea assegna ai consumatori la possibilit\u00e0 di risolvere online le dispute, ai sensi dell&#8217;Art. 14 Par. 1 dell&#8217;Online Dispute Resolution (ODR) su una delle sue piattaforme. La piattaforma (<\/span><a href=\"https:\/\/ec.europa.eu\/consumers\/odr\" target=\"_blank\" rel=\"noopener\"><span style=\"font-weight: 400;\">https:\/\/ec.europa.eu\/consumers\/odr<\/span><\/a><span style=\"font-weight: 400;\">) serve come un luogo in cui i consumatori possono cercare di raggiungere accordi stragiudiziali sulle controversie derivanti da acquisti on-line e da contratti di servizio.<\/span><\/p>\n<h2>\u00a0<\/h2>\n<p><\/p>\t\t\t\t\t\t\t\t<\/div>\n\t\t\t\t<\/div>\n\t\t\t\t\t<\/div>\n\t\t<\/div>\n\t\t\t\t\t<\/div>\n\t\t<\/section>\t\t<\/div>\n\t\t","protected":false},"excerpt":{"rendered":"<p>Privacy Policy In questa pagina si descrivono le modalit\u00e0 di gestione del sito in riferimento al trattamento dei dati personali degli utenti che lo consultano. Si tratta di un&#8217;informativa che \u00e8 resa anche ai sensi dell&#8217;art. 13 del d.lgs. n. 196\/2003 &#8211; Codice in materia di protezione dei dati personali a coloro che interagiscono con [&hellip;]<\/p>\n","protected":false},"author":1,"featured_media":0,"parent":0,"menu_order":0,"comment_status":"closed","ping_status":"closed","template":"","meta":{"footnotes":""},"class_list":["post-661","page","type-page","status-publish","hentry"],"aioseo_notices":[],"jetpack_sharing_enabled":true,"_links":{"self":[{"href":"https:\/\/mugbakery.com\/ec\/wp-json\/wp\/v2\/pages\/661","targetHints":{"allow":["GET"]}}],"collection":[{"href":"https:\/\/mugbakery.com\/ec\/wp-json\/wp\/v2\/pages"}],"about":[{"href":"https:\/\/mugbakery.com\/ec\/wp-json\/wp\/v2\/types\/page"}],"author":[{"embeddable":true,"href":"https:\/\/mugbakery.com\/ec\/wp-json\/wp\/v2\/users\/1"}],"replies":[{"embeddable":true,"href":"https:\/\/mugbakery.com\/ec\/wp-json\/wp\/v2\/comments?post=661"}],"version-history":[{"count":9,"href":"https:\/\/mugbakery.com\/ec\/wp-json\/wp\/v2\/pages\/661\/revisions"}],"predecessor-version":[{"id":1217,"href":"https:\/\/mugbakery.com\/ec\/wp-json\/wp\/v2\/pages\/661\/revisions\/1217"}],"wp:attachment":[{"href":"https:\/\/mugbakery.com\/ec\/wp-json\/wp\/v2\/media?parent=661"}],"curies":[{"name":"wp","href":"https:\/\/api.w.org\/{rel}","templated":true}]}}