{"id":1104,"date":"2020-04-15T20:58:59","date_gmt":"2020-04-15T18:58:59","guid":{"rendered":"https:\/\/www.mugbakery.com\/ec\/?page_id=1104"},"modified":"2020-04-17T11:33:36","modified_gmt":"2020-04-17T09:33:36","slug":"termini-e-condizioni","status":"publish","type":"page","link":"https:\/\/mugbakery.com\/ec\/termini-e-condizioni\/","title":{"rendered":"Termini e condizioni"},"content":{"rendered":"\t\t<div data-elementor-type=\"wp-page\" data-elementor-id=\"1104\" class=\"elementor elementor-1104\" data-elementor-post-type=\"page\">\n\t\t\t\t<section class=\"elementor-section elementor-top-section elementor-element elementor-element-6eb90333 elementor-section-boxed elementor-section-height-default elementor-section-height-default\" data-id=\"6eb90333\" data-element_type=\"section\" data-e-type=\"section\">\n\t\t\t\t\t\t<div class=\"elementor-container elementor-column-gap-default\">\n\t\t\t\t\t<div class=\"elementor-column elementor-col-100 elementor-top-column elementor-element elementor-element-6d806fcf\" data-id=\"6d806fcf\" data-element_type=\"column\" data-e-type=\"column\">\n\t\t\t<div class=\"elementor-widget-wrap elementor-element-populated\">\n\t\t\t\t\t\t<div class=\"elementor-element elementor-element-1f4bb00 elementor-widget elementor-widget-text-editor\" data-id=\"1f4bb00\" data-element_type=\"widget\" data-e-type=\"widget\" data-widget_type=\"text-editor.default\">\n\t\t\t\t<div class=\"elementor-widget-container\"><h1>Termini e condizioni<\/h1>\n<p>L\u2019Acquirente dichiara espressamente e preliminarmente di compiere l\u2019acquisto per fini estranei all\u2019attivit\u00e0 commerciale o professionale esercitata.<\/p><p><strong>Identificazione del Venditore<\/strong><\/p><p>I beni oggetto delle presenti condizioni generali sono posti in vendita da Mug di Elena Giuffrida, iscritta presso la Camera di Commercio di Trieste con partita IVA 01270580325, di seguito indicata come \u201cVenditore\u201d.<\/p><p><strong>Art. 1 \u2013 Definizioni<\/strong><\/p><p>1.1. Con l\u2019espressione \u201ccontratto di vendita on line\u201d, si intende il contratto di compravendita relativo ai beni mobili materiali del Venditore, stipulato tra questi e l\u2019Acquirente nell\u2019ambito di un sistema di vendita a distanza tramite strumenti telematici, organizzato dal Venditore.<\/p><p>1.2. Con l\u2019espressione \u201cAcquirente\u201d si intende il consumatore persona fisica che compie l\u2019acquisto, di cui al presente contratto, per scopi non riferibili all\u2019attivit\u00e0 commerciale o professionale eventualmente svolta.<\/p><p>1.3. Con l\u2019espressione \u201cVenditore\u201d si intende il soggetto indicato in epigrafe ovvero il soggetto prestatore dei servizi di informazione.<\/p><p><strong>Art. 2 \u2013 Oggetto del contratto<\/strong><\/p><p>2.1. Con il presente contratto, rispettivamente, il Venditore vende e l\u2019Acquirente acquista a distanza tramite strumenti telematici i beni mobili materiali indicati e offerti in vendita sul sito www.mugbakery.com.<\/p><p>2.2. I prodotti di cui al punto precedente sono illustrati nella pagina web indicata sopra.<\/p><p><strong>Art. 3 \u2013 Modalit\u00e0 e stipulazione del contratto<\/strong><\/p><p>3.1. Il contratto tra il venditore e l\u2019Acquirente si conclude esclusivamente attraverso la rete Internet mediante l\u2019accesso dell\u2019Acquirente all\u2019indirizzo web indicato sopra, ove, seguendo le procedure indicate, l\u2019Acquirente arriver\u00e0 a formalizzare il contratto per l\u2019acquisto dei beni di cui al punto 2.1 del precedente articolo.<\/p><p><strong>Art. 4 \u2013 Conclusione ed efficacia del contratto<\/strong><\/p><p>4.1. Il contratto di acquisto si conclude mediante l\u2019esatta compilazione del modulo di richiesta e il consenso all\u2019acquisto manifestato tramite l\u2019adesione inviata on line, previa visualizzazione di una pagina web di riepilogo dell\u2019ordine, stampabile, nella quale sono riportati gli estremi dell\u2019ordinante e dell\u2019ordinazione, il prezzo del bene acquistato, le spese di spedizione e gli eventuali ulteriori oneri accessori, le modalit\u00e0 e i termini di pagamento, l\u2019indirizzo ove il bene verr\u00e0 consegnato, i tempi della consegna e l\u2019esistenza del diritto di recesso.<\/p><p>4.2. Nel momento in cui il Venditore riceve dall\u2019Acquirente l\u2019ordinazione provvede all\u2019invio di una e-mail di conferma oppure alla visualizzazione di una pagina web di conferma e riepilogo dell\u2019ordine, stampabile, nella quale siano anche riportati i dati richiamati nel punto precedente.<\/p><p>4.3. Il contratto non si considera perfezionato ed efficace fra le parti in difetto di quanto indicato al punto precedente.<\/p><h1 class=\"wp-block-heading\">Pagamenti e rimborsi<\/h1><p><strong>Art. 5 \u2013 Modalit\u00e0 di pagamento e rimborsi<\/strong><\/p><p>5.1. Ogni pagamento da parte dell\u2019Acquirente potr\u00e0 avvenire unicamente per mezzo di uno dei metodi indicati nell\u2019apposita pagina web dal Venditore.<\/p><p>5.2. Ogni eventuale rimborso all\u2019Acquirente verr\u00e0 accreditato mediante una delle modalit\u00e0 proposte dal Venditore e scelta dall\u2019Acquirente, in modo tempestivo e, in caso di esercizio del diritto di recesso, cos\u00ec come disciplinato dall\u2019art. 13, punto 2 e ss. del presente contratto, al massimo entro 30 giorni dalla data in cui il Venditore \u00e8 venuto a conoscenza del recesso stesso.<\/p><p>5.3. Tutte le comunicazioni relative ai pagamenti avvengono su un\u2019apposita linea del Venditore protetta da sistema di cifratura. Il Venditore garantisce la memorizzazione di queste informazioni con un ulteriore livello di cifratura di sicurezza e in ossequio di quanto previsto dalla vigente disciplina in materia di tutela dei dati personali.<\/p><p><strong>Art. 6 \u2013 Tempi e modalit\u00e0 della consegna<\/strong><\/p><p>6.1. Il Venditore provveder\u00e0 a recapitare i prodotti selezionati e ordinati, con le modalit\u00e0 indicate sul sito web al momento dell\u2019offerta del bene.<\/p><p>6.2. La spedizione avverr\u00e0 entro un massimo di 5 giorni lavorativi dalla conferma dell\u2019ordine in caso di prodotti non personalizzati. Nel caso in cui il Venditore non sia in grado di effettuare la spedizione entro detto termine, ne verr\u00e0 dato tempestivo avviso tramite e-mail all\u2019Acquirente.<\/p><p><strong>Art. 7 \u2013 Prezzi<\/strong><\/p><p>7.1. Tutti i prezzi di vendita dei prodotti esposti e indicati all\u2019interno del sito Internet www.mugbakery.com sono espressi in euro e costituiscono offerta al pubblico ai sensi dell\u2019art. 1336 c.c.<\/p><p>7.2. I prezzi di vendita, di cui al punto precedente, sono soggetti a IVA ai sensi dei commi 54 e seguenti della legge 23 dicembre 2014 (n.190). I costi di spedizione e gli eventuali oneri accessori (ad es. sdoganamento), se presenti, pur non ricompresi nel prezzo di acquisto, devono essere indicati e calcolati nella procedura di acquisto prima dell\u2019inoltro dell\u2019ordine da parte dell\u2019Acquirente e sono contenuti nella pagina web di riepilogo dell\u2019ordine effettuato.<\/p><p>7.3. I prezzi indicati in corrispondenza di ciascuno dei beni offerti al pubblico hanno validit\u00e0 fino alla data indicata nel catalogo.<\/p><p><strong>Art. 8 \u2013 Disponibilit\u00e0 dei prodotti<\/strong><\/p><p>8.1. Il Venditore assicura tramite il sistema telematico utilizzato, l\u2019elaborazione ed evasione degli ordini senza ritardo nei tempi indicati. A tale scopo indica in tempo reale, nel proprio catalogo elettronico, il numero dei prodotti disponibili e quelli non disponibili.<\/p><p>8.2. Qualora un ordine dovesse superare la quantit\u00e0 esistente nel magazzino, il Venditore, tramite e-mail, render\u00e0 noto all\u2019Acquirente se il bene non sia pi\u00f9 prenotabile ovvero quali siano i tempi di attesa per ottenere il bene scelto, chiedendo se intende confermare l\u2019ordine o meno.<\/p><p>8.3. Il sistema informatico del Fornitore conferma nel pi\u00f9 breve tempo possibile l\u2019avvenuta registrazione dell\u2019ordine inoltrando all\u2019Utente una conferma per posta elettronica, ai sensi del punto 4.2.<\/p><h1 class=\"wp-block-heading\">Responsabilit\u00e0<\/h1><p><strong>Art. 9 \u2013 Limitazioni di responsabilit\u00e0<\/strong><\/p><p>9.1. Il Venditore non assume alcuna responsabilit\u00e0 per disservizi imputabili a causa di forza maggiore nel caso non riesca a dare esecuzione all\u2019ordine nei tempi previsti dal contratto.<\/p><p>9.2. Il Venditore non potr\u00e0 ritenersi responsabile verso l\u2019Acquirente, salvo il caso di dolo o colpa grave, per disservizi o malfunzionamenti connessi all\u2019utilizzo della rete Internet al di fuori del controllo proprio o di suoi fornitori.<\/p><p>9.3. Il Venditore non sar\u00e0 inoltre responsabile in merito a danni, perdite e costi subiti dall\u2019Acquirente a seguito della mancata esecuzione del contratto per cause a lui non imputabili, avendo l\u2019Acquirente diritto soltanto alla restituzione integrale del prezzo corrisposto e degli eventuali oneri accessori sostenuti.<\/p><p>9.4. Il Venditore non assume alcuna responsabilit\u00e0 per l\u2019eventuale uso fraudolento e illecito che possa essere fatto da parte di terzi, delle carte di credito, assegni e altri mezzi di pagamento, per il pagamento dei prodotti acquistati, qualora dimostri di aver adottato tutte le cautele possibili in base alla miglior scienza ed esperienza del momento e in base all\u2019ordinaria diligenza.<\/p><p>9.5. In nessun caso l\u2019Acquirente potr\u00e0 essere ritenuto responsabile per ritardi o disguidi nel pagamento qualora dimostri di aver eseguito il pagamento stesso nei tempi e modi indicati dal Venditore.<\/p><p><strong>Art. 10 \u2013 Responsabilit\u00e0 da difetto, prova del danno e danni risarcibili: gli obblighi del Venditore<\/strong><\/p><p>10.1. Ai sensi degli artt. 114 e ss. del Codice del consumo, il Venditore \u00e8 responsabile del danno cagionato da difetti del bene venduto qualora ometta di comunicare al Danneggiato, entro il termine di 3 mesi dalla richiesta, l\u2019identit\u00e0 e il domicilio del produttore o della persona che gli ha fornito il bene.<\/p><p>10.2. La suddetta richiesta, da parte del Danneggiato, deve essere fatta per iscritto e deve indicare il prodotto che ha cagionato il danno, il luogo e la data dell\u2019acquisto; deve inoltre contenere l\u2019offerta in visione del prodotto, se ancora esistente.<\/p><p>10.3. Il Venditore non potr\u00e0 essere ritenuto responsabile delle conseguenze derivate da un prodotto difettoso se il difetto \u00e8 dovuto alla conformit\u00e0 del prodotto, a una norma giuridica imperativa o a un provvedimento vincolante, ovvero se lo stato delle conoscenze scientifiche e tecniche, al momento in cui il produttore ha messo in circolazione il prodotto, non permetteva ancora di considerare il prodotto difettoso.<\/p><p>10.4. Nessun risarcimento sar\u00e0 dovuto qualora il Danneggiato sia stato consapevole del difetto del prodotto e del pericolo che ne derivava e nondimeno vi si sia volontariamente esposto.<\/p><p>10.5. In ogni caso il Danneggiato dovr\u00e0 provare il difetto, il danno, e la connessione causale tra difetto e danno.<\/p><h1 class=\"wp-block-heading\">Garanzie e assistenza<\/h1><p><strong>Art. 11 \u2013 Garanzie e modalit\u00e0 di assistenza<\/strong><\/p><p>11.1. Ai fini del presente contratto si presume che i beni di consumo siano conformi al contratto se, ove pertinenti, coesistono le seguenti circostanze: a) sono idonei all\u2019uso al quale servono abitualmente beni dello stesso tipo; b) sono conformi alla descrizione fatta dal Venditore e possiedono le qualit\u00e0 del bene che il Venditore ha presentato all\u2019Acquirente come campione o modello; c) presentano la qualit\u00e0 e le prestazioni abituali di un bene dello stesso tipo, che l\u2019Acquirente pu\u00f2 ragionevolmente aspettarsi, tenuto conto della natura del bene e, se del caso, delle dichiarazioni pubbliche sulle caratteristiche specifiche dei beni fatte al riguardo dal Venditore, dal produttore o dal suo agente o rappresentante, in particolare nella pubblicit\u00e0 o sull\u2019etichettatura; d) sono altres\u00ec idonei all\u2019uso particolare voluto dall\u2019Acquirente e che sia stato da questi portato a conoscenza del Venditore al momento della conclusione del contratto e che il Venditore abbia accettato anche per fatti concludenti.<\/p><p>11.2. L\u2019Acquirente decade da ogni diritto qualora non denunci al Venditore il difetto di conformit\u00e0 entro il termine di 1 mese dalla data in cui il difetto \u00e8 stato scoperto. La denuncia non \u00e8 necessaria se il Venditore ha riconosciuto l\u2019esistenza del difetto o lo ha occultato.<\/p><p>11.3. In caso di difetto di conformit\u00e0, l\u2019Acquirente potr\u00e0 chiedere, alternativamente e senza spese, alle condizioni di seguito indicate, la riparazione o la sostituzione del bene acquistato, una riduzione del prezzo di acquisto o la risoluzione del presente contratto, a meno che la richiesta non risulti oggettivamente impossibile da soddisfare ovvero risulti per il Venditore eccessivamente onerosa ai sensi dell\u2019art. 130, comma 4, del Codice del consumo.<\/p><p>11.4. La richiesta dovr\u00e0 essere fatta pervenire in forma scritta, a mezzo raccomandata A.R., al Venditore, il quale indicher\u00e0 la propria disponibilit\u00e0 a dar corso alla richiesta, ovvero le ragioni che gli impediscono di farlo, entro 7 giorni lavorativi dal ricevimento. Nella stessa comunicazione, ove il Venditore abbia accettato la richiesta dell\u2019Acquirente, dovr\u00e0 indicare le modalit\u00e0 di spedizione o restituzione del bene nonch\u00e9 il termine previsto per la restituzione o la sostituzione del bene difettoso.<\/p><p>11.5. Qualora la riparazione e la sostituzione siano impossibili o eccessivamente onerose, o il Venditore non abbia provveduto alla riparazione o alla sostituzione del bene entro il termine di cui al punto precedente o, infine, la sostituzione o la riparazione precedentemente effettuate abbiano arrecato notevoli inconvenienti all\u2019Acquirente, questi potr\u00e0 chiedere, a sua scelta, una congrua riduzione del prezzo o la risoluzione del contratto. L\u2019Acquirente dovr\u00e0 in tal caso far pervenire la propria richiesta al Venditore, il quale indicher\u00e0 la propria disponibilit\u00e0 a dar corso alla stessa, ovvero le ragioni che gli impediscono di farlo, entro 7 giorni lavorativi dal ricevimento.<\/p><p>11.6. Nella stessa comunicazione, ove il Venditore abbia accettato la richiesta dell\u2019Acquirente, dovr\u00e0 indicare la riduzione del prezzo proposta ovvero le modalit\u00e0 di restituzione del bene difettoso. Sar\u00e0 in tali casi onere dell\u2019Acquirente indicare le modalit\u00e0 per il riaccredito delle somme precedentemente pagate al Venditore.<\/p><p><strong>Art. 12 \u2013 Obblighi dell\u2019Acquirente<\/strong><\/p><p>12.1. L\u2019Acquirente si impegna a pagare il prezzo del bene acquistato nei tempi e modi indicati dal contratto.<\/p><p>12.2. L\u2019Acquirente si impegna, una volta conclusa la procedura d\u2019acquisto on line, a provvedere alla stampa e\/o alla conservazione del presente contratto.<\/p><p>12.3. Le informazioni contenute in questo contratto sono state, peraltro, gi\u00e0 visionate e accettate dall\u2019Acquirente, che ne d\u00e0 atto, in quanto questo passaggio viene reso obbligatorio prima della conferma di acquisto.<\/p><h1 class=\"wp-block-heading\">Diritto di recesso<\/h1><p><strong>Art. 13 \u2013 Diritto di recesso<\/strong><\/p><p>13.1. L\u2019Acquirente ha in ogni caso il diritto di recedere dal contratto stipulato, senza alcuna penalit\u00e0 e senza specificarne il motivo, entro il termine di 14 (quattordici) giorni lavorativi, decorrente dal giorno del ricevimento del bene acquistato.<\/p><p>13.2. Nel caso l\u2019Acquirente decida di avvalersi del diritto di recesso, deve darne comunicazione al Venditore a mezzo di raccomandata A.R., all\u2019indirizzo Mug di Elena Giuffrida, piazza Hortis 6, 34124 Trieste TS o tramite posta elettronica all\u2019e-mail info@mugbakery.com, purch\u00e9 tali comunicazioni siano confermate dall\u2019invio di raccomandata all\u2019indirizzo Mug di Elena Giuffrida, piazza Hortis 6, 34124 Trieste TS Trieste TS entro le 48 (quarantotto) ore successive. Far\u00e0 fede tra le Parti il timbro apposto dall\u2019ufficio postale sulla ricevuta rilasciata.<\/p><p>13.3. La riconsegna del bene dovr\u00e0 comunque avvenire al pi\u00f9 tardi entro 30 (trenta) giorni dalla data di ricevimento del bene stesso. In ogni caso, per aversi diritto al rimborso pieno del prezzo pagato, il bene dovr\u00e0 essere restituito integro e, comunque, in normale stato di conservazione.<\/p><p>13.4. L\u2019Acquirente non pu\u00f2 esercitare tale diritto di recesso per beni confezionati su misura o chiaramente personalizzati, come previsto dall\u2019art. 55 del Codice del consumo.<\/p><p>13.5. Le sole spese dovute dall\u2019Acquirente per l\u2019esercizio del diritto di recesso a norma del presente articolo sono le spese dirette di restituzione del bene al Venditore.<\/p><p>13.6. Il Fornitore provveder\u00e0 al rimborso dell\u2019intero importo versato dall\u2019Acquirente entro il termine di 30 (trenta) giorni dal ricevimento della comunicazione di recesso.<\/p><p>13.8. Con la ricezione della comunicazione con la quale l\u2019Acquirente comunica l\u2019esercizio del diritto di recesso, le Parti del presente contratto sono sciolte dai reciproci obblighi, fatto salvo quanto previsto ai precedenti punti del presente articolo.<\/p><p><strong>Art. 14 \u2013 Cause di risoluzione<\/strong><\/p><p>14.1. Le obbligazioni di cui al punto 12.1, assunte dall\u2019Acquirente, nonch\u00e9 la garanzia del buon fine del pagamento che l\u2019Acquirente effettua con i mezzi di cui al punto 5.1, e altres\u00ec l\u2019esatto adempimento degli obblighi assunti dal\u00a0 Venditore al punto 6, hanno carattere essenziale, cosicch\u00e9, per patto espresso, l\u2019inadempimento di una soltanto di dette obbligazioni, ove non determinata da caso fortuito o forza maggiore, comporter\u00e0 la risoluzione di diritto del contratto ex art. 1456 c.c., senza necessit\u00e0 di pronuncia giudiziale.<\/p><h1 class=\"wp-block-heading\">Privacy<\/h1><p><strong>Art. 15 \u2013 Tutela della riservatezza e trattamento dei dati dell\u2019Acquirente<\/strong><\/p><p>15.1. Il Venditore tutela la privacy dei propri clienti e garantisce che il trattamento dei dati \u00e8 conforme a quanto previsto dalla normativa sulla privacy di cui al d.lgs. 30 giugno 2003, n. 196.<\/p><p>15.2. I dati personali anagrafici e fiscali acquisiti direttamente e\/o tramite terzi dal Venditore, titolare del trattamento, vengono raccolti e trattati in forma telematica, in relazione alle modalit\u00e0 di trattamento con la finalit\u00e0 di registrare l\u2019ordine e attivare nei suoi confronti le procedure per l\u2019esecuzione del presente contratto e le relative necessarie comunicazioni, oltre all\u2019adempimento degli eventuali obblighi di legge, nonch\u00e9 per consentire un\u2019efficace gestione dei rapporti commerciali nella misura necessaria per espletare al meglio il servizio richiesto (art. 24, comma 1, lett. b, d.lgs. 196\/2003).<\/p><p>15.3. Il Venditore si obbliga a trattare con riservatezza i dati e le informazioni trasmessi dall\u2019Acquirente e di non rivelarli a persone non autorizzate, n\u00e9 a usarli per scopi diversi da quelli per i quali sono stati raccolti o a trasmetterli a terze parti. Tali dati potranno essere esibiti soltanto su richiesta dell\u2019Autorit\u00e0 giudiziaria ovvero di altre autorit\u00e0 per legge autorizzate.<\/p><p>15.4. I dati personali saranno comunicati, previa sottoscrizione di un impegno di riservatezza dei dati stessi, solo a soggetti delegati all\u2019espletamento delle attivit\u00e0 necessarie per l\u2019esecuzione del contratto stipulato (esempio: corriere) e comunicati esclusivamente nell\u2019ambito di tale finalit\u00e0.<\/p><p>15.5. L\u2019Acquirente gode dei diritti di cui all\u2019art. 7 del d.lgs. 196\/2003, e cio\u00e8 del diritto di ottenere:<\/p><p>a) l\u2019aggiornamento, la rettificazione ovvero, quando vi ha interesse, l\u2019integrazione dei dati;<\/p><p>b) la cancellazione, la trasformazione in forma anonima o il blocco dei dati trattati in violazione di legge, compresi quelli di cui non \u00e8 necessaria la conservazione in relazione agli scopi per i quali i dati sono stati raccolti o successivamente trattati;<\/p><p>c) l\u2019attestazione che le operazioni di cui alle lettere a) e b) sono state portate a conoscenza, anche per quanto riguarda il loro contenuto, di coloro ai quali i dati sono stati comunicati o diffusi, eccettuato il caso in cui tale adempimento si rivela impossibile o comporta un impiego di mezzi manifestamente sproporzionato rispetto al diritto tutelato. L\u2019interessato ha inoltre il diritto di opporsi, in tutto o in parte: per motivi legittimi al trattamento dei dati personali che lo riguardano, ancorch\u00e9 pertinenti allo scopo della raccolta; al trattamento di dati personali che lo riguardano a fini di invio di materiale pubblicitario o di vendita diretta o per il compimento di ricerche di mercato o di comunicazione commerciale.<\/p><p>15.6. La comunicazione dei propri dati personali da parte dell\u2019Acquirente \u00e8 condizione necessaria per la corretta e tempestiva esecuzione del presente contratto. In difetto, non potr\u00e0 essere dato corso alla domanda dell\u2019Acquirente stesso.<\/p><p>15.7. In ogni caso, i dati acquisiti saranno conservati per un periodo di tempo non superiore a quello necessario agli scopi per i quali sono stati raccolti o successivamente trattati. La loro rimozione avverr\u00e0 comunque in maniera sicura.<\/p><p>15.8. Titolare della raccolta e del trattamento dei dati personali \u00e8 il Venditore, al quale l\u2019Acquirente potr\u00e0 indirizzare, presso la sede, ogni richiesta.<\/p><p>15.9. Tutto quanto dovesse pervenire all\u2019indirizzo di posta (anche elettronica) del Venditore, al di fuori delle procedure di acquisto (richieste, suggerimenti, idee, informazioni, ecc.) non sar\u00e0 considerato informazione o dato di natura confidenziale, non dovr\u00e0 violare diritti altrui e dovr\u00e0 contenere informazioni valide, non lesive di diritti altrui e veritiere, in ogni caso non potr\u00e0 essere attribuita al Venditore responsabilit\u00e0 alcuna sul contenuto dei messaggi stessi.<\/p><p><strong>Art. 16 \u2013 Modalit\u00e0 di archiviazione del contratto<\/strong><\/p><p>16.1. Ai sensi dell\u2019art. 12 del d.lgs. 70\/2003, il Venditore informa l\u2019Acquirente che ogni ordine inviato viene conservato in forma digitale sul server secondo criteri di riservatezza e sicurezza.<\/p><p><strong>Art. 17 \u2013 Comunicazioni e reclami<\/strong><\/p><p>17.1. Le comunicazioni scritte dirette al Venditore e gli eventuali reclami saranno ritenuti validi unicamente ove inviati al seguente indirizzo: all\u2019indirizzo Mug di Elena Giuffrida, piazza Hortis 6, 34124 Trieste TS, ovvero inviati tramite e-mail al seguente indirizzo info@mugbakery.com. L\u2019Acquirente indica nel modulo di registrazione la propria residenza o domicilio, il numero telefonico o l\u2019indirizzo di posta elettronica al quale desidera siano inviate le comunicazioni del Venditore.<\/p><h1 class=\"wp-block-heading\">Controversie<\/h1><p><strong>Art. 18 \u2013 Composizione delle controversie<\/strong><\/p><p>18.1. Tutte le controversie nascenti dal presente contratto verranno deferite alla Camera di Commercio di Trieste e risolte secondo il Regolamento di conciliazione dalla stessa adottato.<\/p><p>18.2. Qualora le Parti intendano adire l\u2019Autorit\u00e0 giudiziaria ordinaria, il Foro competente \u00e8 quello del luogo di residenza o di domicilio elettivo dell\u2019Acquirente, inderogabile ai sensi dell\u2019art. 33, comma 2, lett. u) del d.lgs. 206\/2005.<\/p><p><strong>Art. 19 \u2013 Legge applicabile e rinvio<\/strong><\/p><p>19.1. Il presente contratto \u00e8 regolato dalla legge italiana.<\/p><p>19.2. Per quanto qui non espressamente disposto, valgono le norme di legge applicabili ai rapporti e alle fattispecie previste nel presente contratto, e in particolar modo l\u2019art. 5 della Convenzione di Roma del 1980.<\/p><p>19.3. Ai sensi dell\u2019art. 60 del d.lgs. 206\/2005, viene qui espressamente richiamata la disciplina contenuta nella Parte III, Titolo III, Capo I del d.lgs. 206\/2005.<\/p><\/div>\n\t\t\t\t<\/div>\n\t\t\t\t\t<\/div>\n\t\t<\/div>\n\t\t\t\t\t<\/div>\n\t\t<\/section>\t\t<\/div>\n\t\t","protected":false},"excerpt":{"rendered":"<p>Termini e condizioni L\u2019Acquirente dichiara espressamente e preliminarmente di compiere l\u2019acquisto per fini estranei all\u2019attivit\u00e0 commerciale o professionale esercitata. Identificazione del Venditore I beni oggetto delle presenti condizioni generali sono posti in vendita da Mug di Elena Giuffrida, iscritta presso la Camera di Commercio di Trieste con partita IVA 01270580325, di seguito indicata come \u201cVenditore\u201d. [&hellip;]<\/p>\n","protected":false},"author":1,"featured_media":0,"parent":0,"menu_order":0,"comment_status":"closed","ping_status":"closed","template":"","meta":{"footnotes":""},"class_list":["post-1104","page","type-page","status-publish","hentry"],"aioseo_notices":[],"jetpack_sharing_enabled":true,"_links":{"self":[{"href":"https:\/\/mugbakery.com\/ec\/wp-json\/wp\/v2\/pages\/1104","targetHints":{"allow":["GET"]}}],"collection":[{"href":"https:\/\/mugbakery.com\/ec\/wp-json\/wp\/v2\/pages"}],"about":[{"href":"https:\/\/mugbakery.com\/ec\/wp-json\/wp\/v2\/types\/page"}],"author":[{"embeddable":true,"href":"https:\/\/mugbakery.com\/ec\/wp-json\/wp\/v2\/users\/1"}],"replies":[{"embeddable":true,"href":"https:\/\/mugbakery.com\/ec\/wp-json\/wp\/v2\/comments?post=1104"}],"version-history":[{"count":6,"href":"https:\/\/mugbakery.com\/ec\/wp-json\/wp\/v2\/pages\/1104\/revisions"}],"predecessor-version":[{"id":1199,"href":"https:\/\/mugbakery.com\/ec\/wp-json\/wp\/v2\/pages\/1104\/revisions\/1199"}],"wp:attachment":[{"href":"https:\/\/mugbakery.com\/ec\/wp-json\/wp\/v2\/media?parent=1104"}],"curies":[{"name":"wp","href":"https:\/\/api.w.org\/{rel}","templated":true}]}}